{"id":18105,"date":"2025-10-26T11:44:14","date_gmt":"2025-10-26T11:44:14","guid":{"rendered":"https:\/\/schoenherr-dresden.de\/?page_id=18105"},"modified":"2026-01-08T13:00:40","modified_gmt":"2026-01-08T13:00:40","slug":"home","status":"publish","type":"page","link":"https:\/\/schoenherr-dresden.de\/","title":{"rendered":"Home"},"content":{"rendered":"<p>[et_pb_section fb_built=&#8220;1&#8243; _builder_version=&#8220;4.27.4&#8243; _module_preset=&#8220;default&#8220; use_background_color_gradient=&#8220;on&#8220; background_color_gradient_direction=&#8220;174deg&#8220; background_color_gradient_stops=&#8220;#407235 0%|#0b3800 99%&#8220; global_colors_info=&#8220;{}&#8220;][et_pb_row column_structure=&#8220;1_2,1_2&#8243; _builder_version=&#8220;4.27.4&#8243; _module_preset=&#8220;default&#8220; global_colors_info=&#8220;{}&#8220;][et_pb_column type=&#8220;1_2&#8243; _builder_version=&#8220;4.27.4&#8243; _module_preset=&#8220;default&#8220; global_colors_info=&#8220;{}&#8220;][et_pb_text _builder_version=&#8220;4.27.5&#8243; _module_preset=&#8220;default&#8220; header_font=&#8220;&#8211;et_global_body_font|800|||||||&#8220; header_text_align=&#8220;left&#8220; header_text_color=&#8220;#FFFFFF&#8220; header_font_size=&#8220;49px&#8220; header_letter_spacing=&#8220;2px&#8220; header_line_height=&#8220;1.3em&#8220; custom_margin=&#8220;78px||||false|false&#8220; header_text_shadow_style=&#8220;preset1&#8243; global_colors_info=&#8220;{}&#8220;]<\/p>\n<h1>Elektro&shy;werkzeuge Sch\u00f6nherr<\/h1>\n<p>[\/et_pb_text][et_pb_divider color=&#8220;#000000&#8243; _builder_version=&#8220;4.27.4&#8243; _module_preset=&#8220;default&#8220; custom_margin=&#8220;-20px||||false|false&#8220; global_colors_info=&#8220;{}&#8220;][\/et_pb_divider][et_pb_text _builder_version=&#8220;4.27.4&#8243; _module_preset=&#8220;default&#8220; text_text_color=&#8220;#FFFFFF&#8220; text_font_size=&#8220;22px&#8220; header_font=&#8220;&#8211;et_global_body_font|800|||||||&#8220; header_text_color=&#8220;#FFFFFF&#8220; header_font_size=&#8220;43px&#8220; header_line_height=&#8220;0.9em&#8220; custom_margin=&#8220;-32px||||false|false&#8220; header_text_shadow_style=&#8220;preset1&#8243; global_colors_info=&#8220;{}&#8220;]<\/p>\n<p><span>\u00a0Ihr Fachgesch\u00e4ft in Dresden<\/span><\/p>\n<p>[\/et_pb_text][et_pb_button button_url=&#8220;@ET-DC@eyJkeW5hbWljIjp0cnVlLCJjb250ZW50IjoicG9zdF9saW5rX3VybF9wYWdlIiwic2V0dGluZ3MiOnsicG9zdF9pZCI6IjI4ODQ4MCJ9fQ==@&#8220; button_text=&#8220;Aktionen &#038; Angebote&#8220; _builder_version=&#8220;4.27.4&#8243; _dynamic_attributes=&#8220;button_url&#8220; _module_preset=&#8220;default&#8220; custom_button=&#8220;on&#8220; button_text_color=&#8220;#000000&#8243; button_bg_use_color_gradient=&#8220;on&#8220; button_bg_color_gradient_direction=&#8220;226deg&#8220; button_bg_color_gradient_stops=&#8220;#e8e8ed 0%|#a6a6a6 100%&#8220; button_border_width=&#8220;0px&#8220; button_border_radius=&#8220;9px&#8220; button_font=&#8220;&#8211;et_global_body_font|800|on|on|||||&#8220; button_icon=&#8220;&#x24;||divi||400&#8243; global_colors_info=&#8220;{}&#8220;][\/et_pb_button][\/et_pb_column][et_pb_column type=&#8220;1_2&#8243; _builder_version=&#8220;4.27.4&#8243; _module_preset=&#8220;default&#8220; global_colors_info=&#8220;{}&#8220;][ba_image_carousel content_alignment=&#8220;center&#8220; autoplay_speed=&#8220;5000ms&#8220; use_pagi=&#8220;on&#8220; slide_count=&#8220;1&#8243; slide_spacing=&#8220;0px&#8220; use_both_side_spacing=&#8220;off&#8220; nav_height=&#8220;42px&#8220; nav_width=&#8220;42px&#8220; nav_icon_size=&#8220;26px&#8220; nav_color=&#8220;#000000&#8243; nav_bg=&#8220;#FFFFFF&#8220; nav_pos_x=&#8220;-28px&#8220; icon_left=&#8220;&#xf104;||fa||900&#8243; icon_right=&#8220;&#xf105;||fa||900&#8243; use_lightbox=&#8220;on&#8220; _builder_version=&#8220;4.27.4&#8243; _module_preset=&#8220;default&#8220; custom_padding=&#8220;0px|||||&#8220; border_color_all_image=&#8220;RGBA(255,255,255,0)&#8220; global_colors_info=&#8220;{}&#8220;][ba_image_carousel_child photo=&#8220;https:\/\/schoenherr-dresden.de\/wp-content\/uploads\/2025\/11\/Aussenansicht.jpg&#8220; _builder_version=&#8220;4.27.4&#8243; global_colors_info=&#8220;{}&#8220;][\/ba_image_carousel_child][ba_image_carousel_child photo=&#8220;https:\/\/schoenherr-dresden.de\/wp-content\/uploads\/2025\/11\/IMG_1633-scaled.jpg&#8220; _builder_version=&#8220;4.27.4&#8243; global_colors_info=&#8220;{}&#8220;][\/ba_image_carousel_child][ba_image_carousel_child photo=&#8220;https:\/\/schoenherr-dresden.de\/wp-content\/uploads\/2025\/11\/IMG_1643-scaled.jpg&#8220; _builder_version=&#8220;4.27.4&#8243; global_colors_info=&#8220;{}&#8220;][\/ba_image_carousel_child][ba_image_carousel_child photo=&#8220;https:\/\/schoenherr-dresden.de\/wp-content\/uploads\/2025\/11\/IMG_E1650-scaled.jpg&#8220; _builder_version=&#8220;4.27.4&#8243; global_colors_info=&#8220;{}&#8220;][\/ba_image_carousel_child][\/ba_image_carousel][\/et_pb_column][\/et_pb_row][\/et_pb_section][et_pb_section fb_built=&#8220;1&#8243; _builder_version=&#8220;4.27.4&#8243; _module_preset=&#8220;default&#8220; custom_padding=&#8220;||1px|||&#8220; global_colors_info=&#8220;{}&#8220;][et_pb_row column_structure=&#8220;1_2,1_2&#8243; _builder_version=&#8220;4.27.4&#8243; _module_preset=&#8220;default&#8220; custom_padding=&#8220;||25px|||&#8220; global_colors_info=&#8220;{}&#8220;][et_pb_column type=&#8220;1_2&#8243; _builder_version=&#8220;4.27.4&#8243; _module_preset=&#8220;default&#8220; global_colors_info=&#8220;{}&#8220;][et_pb_text _builder_version=&#8220;4.27.4&#8243; _module_preset=&#8220;default&#8220; text_font=&#8220;&#8211;et_global_body_font|700|||||||&#8220; text_text_color=&#8220;#000000&#8243; header_font=&#8220;&#8211;et_global_body_font|800|||||||&#8220; header_text_color=&#8220;#FFFFFF&#8220; header_font_size=&#8220;43px&#8220; header_2_font=&#8220;&#8211;et_global_body_font|800|||||||&#8220; header_2_text_color=&#8220;#000000&#8243; header_2_font_size=&#8220;25px&#8220; header_text_shadow_style=&#8220;preset1&#8243; global_colors_info=&#8220;{}&#8220;]<\/p>\n<h2>Reparaturbonus Sachsen &#8211; 2025\/26<\/h2>\n<p>[\/et_pb_text][et_pb_text _builder_version=&#8220;4.27.4&#8243; _module_preset=&#8220;default&#8220; global_colors_info=&#8220;{}&#8220;]<\/p>\n<p>&#8211; f\u00fcr Privatkunden<br \/>&#8211; ab 115\u20ac Brutto<br \/>&#8211; bis 200\u20ac<br \/>&#8211; 50% der Reparatur erstattet bekommen<\/p>\n<p>[\/et_pb_text][\/et_pb_column][et_pb_column type=&#8220;1_2&#8243; _builder_version=&#8220;4.27.4&#8243; _module_preset=&#8220;default&#8220; global_colors_info=&#8220;{}&#8220;][et_pb_text _builder_version=&#8220;4.27.4&#8243; _module_preset=&#8220;default&#8220; text_font=&#8220;&#8211;et_global_body_font|700|||||||&#8220; text_text_color=&#8220;#000000&#8243; header_font=&#8220;&#8211;et_global_body_font|800|||||||&#8220; header_text_color=&#8220;#FFFFFF&#8220; header_font_size=&#8220;43px&#8220; header_2_font=&#8220;&#8211;et_global_body_font|800|||||||&#8220; header_2_text_color=&#8220;#000000&#8243; header_2_font_size=&#8220;36px&#8220; header_text_shadow_style=&#8220;preset1&#8243; global_colors_info=&#8220;{}&#8220;]<\/p>\n<h2> \u00d6ffnungszeiten <\/h2>\n<p>[\/et_pb_text][et_pb_blurb title=&#8220;\u00d6ffnungszeiten&#8220; use_icon=&#8220;on&#8220; font_icon=&#8220;&#xf1da;||fa||900&#8243; icon_color=&#8220;#427236&#8243; icon_placement=&#8220;left&#8220; _builder_version=&#8220;4.27.4&#8243; _module_preset=&#8220;default&#8220; body_font=&#8220;|600|on||||||&#8220; body_text_color=&#8220;#000000&#8243; body_font_size=&#8220;16px&#8220; body_line_height=&#8220;1.3em&#8220; animation=&#8220;off&#8220; global_colors_info=&#8220;{}&#8220;]<\/p>\n<p><span>Mo \u2013 Fr 08.00 \u2013 17.00 Uhr<\/span><br \/><span>Sa nach Vereinbarung<\/span><\/p>\n<p>[\/et_pb_blurb][\/et_pb_column][\/et_pb_row][et_pb_row _builder_version=&#8220;4.27.4&#8243; _module_preset=&#8220;default&#8220; custom_margin=&#8220;-12px||-12px||true|false&#8220; global_colors_info=&#8220;{}&#8220;][et_pb_column type=&#8220;4_4&#8243; _builder_version=&#8220;4.27.4&#8243; _module_preset=&#8220;default&#8220; global_colors_info=&#8220;{}&#8220;][et_pb_divider color=&#8220;#000000&#8243; _builder_version=&#8220;4.27.4&#8243; _module_preset=&#8220;default&#8220; global_colors_info=&#8220;{}&#8220;][\/et_pb_divider][\/et_pb_column][\/et_pb_row][\/et_pb_section][et_pb_section fb_built=&#8220;1&#8243; _builder_version=&#8220;4.27.4&#8243; _module_preset=&#8220;default&#8220; global_colors_info=&#8220;{}&#8220;][et_pb_row column_structure=&#8220;1_2,1_2&#8243; _builder_version=&#8220;4.27.4&#8243; _module_preset=&#8220;default&#8220; global_colors_info=&#8220;{}&#8220;][et_pb_column type=&#8220;1_2&#8243; _builder_version=&#8220;4.27.4&#8243; _module_preset=&#8220;default&#8220; global_colors_info=&#8220;{}&#8220;][et_pb_blurb title=&#8220;Werkzeuge und Maschinen&#8220; image_icon_background_color=&#8220;RGBA(255,255,255,0)&#8220; image=&#8220;https:\/\/schoenherr-dresden.de\/wp-content\/uploads\/2025\/10\/Bosch.jpeg&#8220; icon_placement=&#8220;left&#8220; image_icon_width=&#8220;200%&#8220; _builder_version=&#8220;4.27.4&#8243; _module_preset=&#8220;default&#8220; header_text_color=&#8220;#000000&#8243; header_font_size=&#8220;23px&#8220; body_font=&#8220;&#8211;et_global_body_font|300|||||||&#8220; image_icon_custom_margin=&#8220;||||true|false&#8220; image_icon_custom_padding=&#8220;0px||0px||true|false&#8220; global_colors_info=&#8220;{}&#8220;]<\/p>\n<p><span>BOSCH-Premium-Partner verf\u00fcgen \u00fcber Exklusivmodelle | FESTOOL-Systempartner | Fein-Multimaster-Partner | Eibenstock-Vertragspartner | Stihl Elektro- und Akku-Partner | Fachh\u00e4ndler f\u00fcr: Milwaukee, BDS-Maschinen, Brennenstuhl, Gedore, Makita, Metabo Scangrip, Schneider-Druckluft, Trumpf<br \/><\/span><\/p>\n<p>[\/et_pb_blurb][et_pb_blurb title=&#8220;Reparaturen und Ersatzteile &#8220; image_icon_background_color=&#8220;RGBA(255,255,255,0)&#8220; image=&#8220;https:\/\/schoenherr-dresden.de\/wp-content\/uploads\/2025\/10\/ersatzteile-300&#215;300.jpeg&#8220; icon_placement=&#8220;left&#8220; image_icon_width=&#8220;200%&#8220; _builder_version=&#8220;4.27.4&#8243; _module_preset=&#8220;default&#8220; header_text_color=&#8220;#000000&#8243; header_font_size=&#8220;23px&#8220; body_font=&#8220;&#8211;et_global_body_font|300|||||||&#8220; image_icon_custom_margin=&#8220;||||true|false&#8220; image_icon_custom_padding=&#8220;0px||0px||true|false&#8220; global_colors_info=&#8220;{}&#8220;]<\/p>\n<p><span>manche Maschinen ben\u00f6tigen hin und wieder neue Verschlei\u00dfteile wie Kohlen | Kondensatoren | Kugellager | Bandagen | Zylinderstifte | Sprengringe | Druckfeder &#8211; oder Anschlu\u00dfkabel und DGUV Pr\u00fcfzeichen<\/span><\/p>\n<p>[\/et_pb_blurb][\/et_pb_column][et_pb_column type=&#8220;1_2&#8243; _builder_version=&#8220;4.27.4&#8243; _module_preset=&#8220;default&#8220; global_colors_info=&#8220;{}&#8220;][et_pb_blurb title=&#8220;Zubeh\u00f6r und Verbrauchsmaterial&#8220; image_icon_background_color=&#8220;RGBA(255,255,255,0)&#8220; image=&#8220;https:\/\/schoenherr-dresden.de\/wp-content\/uploads\/2025\/10\/System.jpeg&#8220; icon_placement=&#8220;left&#8220; image_icon_width=&#8220;200%&#8220; _builder_version=&#8220;4.27.4&#8243; _module_preset=&#8220;default&#8220; header_text_color=&#8220;#000000&#8243; header_font_size=&#8220;23px&#8220; body_font=&#8220;&#8211;et_global_body_font|300|||||||&#8220; image_icon_custom_margin=&#8220;||||true|false&#8220; image_icon_custom_padding=&#8220;0px||0px||true|false&#8220; global_colors_info=&#8220;{}&#8220;]<\/p>\n<p>zur Erleichterung der Bedienung f\u00fcr fast alle Elektrowerkzeuge | Anschl\u00e4ge | Adapter | F\u00fchrungsschienen | Zusatzhandgriffe | Absaughauben | Haltesysteme | Akku-Systeme &#8230;\u00a0<\/p>\n<p>&nbsp;<\/p>\n<p>[\/et_pb_blurb][et_pb_blurb title=&#8220;Bauchemie&#8220; image_icon_background_color=&#8220;RGBA(255,255,255,0)&#8220; image=&#8220;https:\/\/schoenherr-dresden.de\/wp-content\/uploads\/2025\/10\/Bauchemie.jpeg&#8220; icon_placement=&#8220;left&#8220; image_icon_width=&#8220;200%&#8220; _builder_version=&#8220;4.27.4&#8243; _module_preset=&#8220;default&#8220; header_text_color=&#8220;#000000&#8243; header_font_size=&#8220;23px&#8220; body_font=&#8220;&#8211;et_global_body_font|300|||||||&#8220; image_icon_custom_margin=&#8220;||||true|false&#8220; image_icon_custom_padding=&#8220;0px||0px||true|false&#8220; global_colors_info=&#8220;{}&#8220;]<\/p>\n<p><span>f\u00fcr Haus und Garten: kleben &#8211; dichten &#8211; sch\u00fctzen &#8211; reinigen Aerosole | Dichtstoffe | Klebstoffe | PU-Sch\u00e4ume | Klebeb\u00e4nder | chemische Reiniger | Zubeh\u00f6r &#8230;<\/span><\/p>\n<p>[\/et_pb_blurb][\/et_pb_column][\/et_pb_row][et_pb_row _builder_version=&#8220;4.27.4&#8243; _module_preset=&#8220;default&#8220; global_colors_info=&#8220;{}&#8220;][et_pb_column type=&#8220;4_4&#8243; _builder_version=&#8220;4.27.4&#8243; _module_preset=&#8220;default&#8220; global_colors_info=&#8220;{}&#8220;][et_pb_image src=&#8220;https:\/\/schoenherr-dresden.de\/wp-content\/uploads\/2025\/12\/Logos_Partner_home.png&#8220; title_text=&#8220;Logos_Partner_home&#8220; _builder_version=&#8220;4.27.4&#8243; _module_preset=&#8220;default&#8220; global_colors_info=&#8220;{}&#8220;][\/et_pb_image][\/et_pb_column][\/et_pb_row][\/et_pb_section]<\/p>\n","protected":false},"excerpt":{"rendered":"<p>Elektro&shy;werkzeuge Sch\u00f6nherr\u00a0Ihr Fachgesch\u00e4ft in Dresden<div class=\"et_pb_with_border et_pb_module ba_image_carousel ba_image_carousel_0\">\n\t\t\t\t\n\t\t\t\t\n\t\t\t\t\n\t\t\t\t\n\t\t\t\t\n\t\t\t\t\n\t\t\t\t<div class=\"et_pb_module_inner\">\n\t\t\t\t\t<div class=\"dtq-carousel dtq-image-carousel dtq-carousel-frontend dtq-lightbox-on\" data-settings=\"{&quot;responsive&quot;:[{&quot;breakpoint&quot;:980},{&quot;breakpoint&quot;:767}],&quot;cssEase&quot;:&quot;ease-in-out&quot;,&quot;swipe&quot;:true,&quot;variableWidth&quot;:false,&quot;dots&quot;:true,&quot;arrows&quot;:true,&quot;infinite&quot;:true,&quot;autoplay&quot;:true,&quot;autoplaySpeed&quot;:5000,&quot;speed&quot;:700,&quot;slidesToShow&quot;:1,&quot;slidesToScroll&quot;:1,&quot;centerPadding&quot;:&quot;70px&quot;,&quot;centerMode&quot;:false,&quot;vertical&quot;:false,&quot;prevArrow&quot;:&quot;&lt;button type=\\&quot;button\\&quot; data-icon=\\&quot;&amp;#xf104;\\&quot; class=\\&quot;slick-arrow slick-prev\\&quot;&gt;Prev&lt;\\\/button&gt;&quot;,&quot;nextArrow&quot;:&quot;&lt;button type=\\&quot;button\\&quot; data-icon=\\&quot;&amp;#xf105;\\&quot; class=\\&quot;slick-arrow slick-next\\&quot;&gt;Prev&lt;\\\/button&gt;&quot;}\" >\n                    <div class=\"ba_image_carousel_child ba_image_carousel_child_0 ba_et_pb_module\">\n\t\t\t\t\n\t\t\t\t\n\t\t\t\t\n\t\t\t\t\n\t\t\t\t\n\t\t\t\t\n\t\t\t\t<div class=\"et_pb_module_inner\">\n\t\t\t\t\t<div class=\"dtq-carousel-item dtq-image-carousel-item dtq-swapped-img-selector dtq-hover--none\">\n                 <figure class=\"dtq-figure\">\n                    \n                    <img decoding=\"async\" class=\"dtq-swapped-img dtq-lightbox\" data-mfp-src=\"https:\/\/schoenherr-dresden.de\/wp-content\/uploads\/2025\/11\/Aussenansicht.jpg\" src=\"https:\/\/schoenherr-dresden.de\/wp-content\/uploads\/2025\/11\/Aussenansicht.jpg\"  alt=\"\"\/>\n                <\/figure> \n\t\t\t<\/div>\n\t\t\t\t<\/div>\n\t\t\t<\/div><div class=\"ba_image_carousel_child ba_image_carousel_child_1 ba_et_pb_module\">\n\t\t\t\t\n\t\t\t\t\n\t\t\t\t\n\t\t\t\t\n\t\t\t\t\n\t\t\t\t\n\t\t\t\t<div class=\"et_pb_module_inner\">\n\t\t\t\t\t<div class=\"dtq-carousel-item dtq-image-carousel-item dtq-swapped-img-selector dtq-hover--none\">\n                 <figure class=\"dtq-figure\">\n                    \n                    <img decoding=\"async\" class=\"dtq-swapped-img dtq-lightbox\" data-mfp-src=\"https:\/\/schoenherr-dresden.de\/wp-content\/uploads\/2025\/11\/IMG_1633-scaled.jpg\" src=\"https:\/\/schoenherr-dresden.de\/wp-content\/uploads\/2025\/11\/IMG_1633-scaled.jpg\"  alt=\"\"\/>\n                <\/figure> \n\t\t\t<\/div>\n\t\t\t\t<\/div>\n\t\t\t<\/div><div class=\"ba_image_carousel_child ba_image_carousel_child_2 ba_et_pb_module\">\n\t\t\t\t\n\t\t\t\t\n\t\t\t\t\n\t\t\t\t\n\t\t\t\t\n\t\t\t\t\n\t\t\t\t<div class=\"et_pb_module_inner\">\n\t\t\t\t\t<div class=\"dtq-carousel-item dtq-image-carousel-item dtq-swapped-img-selector dtq-hover--none\">\n                 <figure class=\"dtq-figure\">\n                    \n                    <img decoding=\"async\" class=\"dtq-swapped-img dtq-lightbox\" data-mfp-src=\"https:\/\/schoenherr-dresden.de\/wp-content\/uploads\/2025\/11\/IMG_1643-scaled.jpg\" src=\"https:\/\/schoenherr-dresden.de\/wp-content\/uploads\/2025\/11\/IMG_1643-scaled.jpg\"  alt=\"\"\/>\n                <\/figure> \n\t\t\t<\/div>\n\t\t\t\t<\/div>\n\t\t\t<\/div><div class=\"ba_image_carousel_child ba_image_carousel_child_3 ba_et_pb_module\">\n\t\t\t\t\n\t\t\t\t\n\t\t\t\t\n\t\t\t\t\n\t\t\t\t\n\t\t\t\t\n\t\t\t\t<div class=\"et_pb_module_inner\">\n\t\t\t\t\t<div class=\"dtq-carousel-item dtq-image-carousel-item dtq-swapped-img-selector dtq-hover--none\">\n                 <figure class=\"dtq-figure\">\n                    \n                    <img decoding=\"async\" class=\"dtq-swapped-img dtq-lightbox\" data-mfp-src=\"https:\/\/schoenherr-dresden.de\/wp-content\/uploads\/2025\/11\/IMG_E1650-scaled.jpg\" src=\"https:\/\/schoenherr-dresden.de\/wp-content\/uploads\/2025\/11\/IMG_E1650-scaled.jpg\"  alt=\"\"\/>\n                <\/figure> \n\t\t\t<\/div>\n\t\t\t\t<\/div>\n\t\t\t<\/div>\n                <\/div>\n\t\t\t\t<\/div>\n\t\t\t<\/div>Reparaturbonus Sachsen &#8211; 2025\/26- f\u00fcr Privatkunden- ab 115\u20ac Brutto- bis 200\u20ac- 50% der Reparatur erstattet bekommen \u00d6ffnungszeiten Mo \u2013 [&hellip;]<\/p>\n","protected":false},"author":1,"featured_media":0,"parent":0,"menu_order":0,"comment_status":"closed","ping_status":"closed","template":"","meta":{"_et_pb_use_builder":"on","_et_pb_old_content":"<!-- wp:divi\/placeholder \/-->","_et_gb_content_width":"2880","footnotes":""},"class_list":["post-18105","page","type-page","status-publish","hentry"],"yoast_head":"<!-- This site is optimized with the Yoast SEO plugin v27.4 - https:\/\/yoast.com\/product\/yoast-seo-wordpress\/ -->\n<title>Elektrowerkzeuge Sch\u00f6nherr Dresden | Bosch Premium Partner &amp; Stihl H\u00e4ndler<\/title>\n<meta name=\"description\" content=\"Elektrowerkzeuge Sch\u00f6nherr in Dresden \u2013 Ihr Bosch Premium Partner &amp; Stihl H\u00e4ndler. Verkauf, Beratung, Service und Ersatzteile f\u00fcr Profis &amp; Heimwerker. Mo\u2013Fr 8\u201317 Uhr.\" \/>\n<meta name=\"robots\" content=\"index, follow, max-snippet:-1, max-image-preview:large, max-video-preview:-1\" \/>\n<link rel=\"canonical\" href=\"https:\/\/schoenherr-dresden.de\/\" \/>\n<meta property=\"og:locale\" content=\"de_DE\" \/>\n<meta property=\"og:type\" content=\"article\" \/>\n<meta property=\"og:title\" content=\"Elektrowerkzeuge Sch\u00f6nherr Dresden | Bosch Premium Partner &amp; Stihl H\u00e4ndler\" \/>\n<meta property=\"og:description\" content=\"Elektrowerkzeuge Sch\u00f6nherr in Dresden \u2013 Ihr Bosch Premium Partner &amp; Stihl H\u00e4ndler. Verkauf, Beratung, Service und Ersatzteile f\u00fcr Profis &amp; Heimwerker. Mo\u2013Fr 8\u201317 Uhr.\" \/>\n<meta property=\"og:url\" content=\"https:\/\/schoenherr-dresden.de\/\" \/>\n<meta property=\"og:site_name\" content=\"Elektrowerkzeuge Sch\u00f6nherr\" \/>\n<meta property=\"article:publisher\" content=\"https:\/\/www.facebook.com\/Elektrowerkzeug\" \/>\n<meta property=\"article:modified_time\" content=\"2026-01-08T13:00:40+00:00\" \/>\n<meta name=\"twitter:card\" content=\"summary_large_image\" \/>\n<meta name=\"twitter:label1\" content=\"Gesch\u00e4tzte Lesezeit\" \/>\n\t<meta name=\"twitter:data1\" content=\"2\u00a0Minuten\" \/>\n<script type=\"application\/ld+json\" class=\"yoast-schema-graph\">{\"@context\":\"https:\\\/\\\/schema.org\",\"@graph\":[{\"@type\":\"WebPage\",\"@id\":\"https:\\\/\\\/schoenherr-dresden.de\\\/\",\"url\":\"https:\\\/\\\/schoenherr-dresden.de\\\/\",\"name\":\"Elektrowerkzeuge Sch\u00f6nherr Dresden | Bosch Premium Partner & Stihl H\u00e4ndler\",\"isPartOf\":{\"@id\":\"https:\\\/\\\/schoenherr-dresden.de\\\/#website\"},\"datePublished\":\"2025-10-26T11:44:14+00:00\",\"dateModified\":\"2026-01-08T13:00:40+00:00\",\"description\":\"Elektrowerkzeuge Sch\u00f6nherr in Dresden \u2013 Ihr Bosch Premium Partner & Stihl H\u00e4ndler. Verkauf, Beratung, Service und Ersatzteile f\u00fcr Profis & Heimwerker. Mo\u2013Fr 8\u201317 Uhr.\",\"breadcrumb\":{\"@id\":\"https:\\\/\\\/schoenherr-dresden.de\\\/#breadcrumb\"},\"inLanguage\":\"de\",\"potentialAction\":[{\"@type\":\"ReadAction\",\"target\":[\"https:\\\/\\\/schoenherr-dresden.de\\\/\"]}]},{\"@type\":\"BreadcrumbList\",\"@id\":\"https:\\\/\\\/schoenherr-dresden.de\\\/#breadcrumb\",\"itemListElement\":[{\"@type\":\"ListItem\",\"position\":1,\"name\":\"Startseite\",\"item\":\"https:\\\/\\\/schoenherr-dresden.de\\\/\"},{\"@type\":\"ListItem\",\"position\":2,\"name\":\"Home\"}]},{\"@type\":\"WebSite\",\"@id\":\"https:\\\/\\\/schoenherr-dresden.de\\\/#website\",\"url\":\"https:\\\/\\\/schoenherr-dresden.de\\\/\",\"name\":\"Elektrowerkzeuge Sch\u00f6nherr\",\"description\":\"\",\"publisher\":{\"@id\":\"https:\\\/\\\/schoenherr-dresden.de\\\/#organization\"},\"potentialAction\":[{\"@type\":\"SearchAction\",\"target\":{\"@type\":\"EntryPoint\",\"urlTemplate\":\"https:\\\/\\\/schoenherr-dresden.de\\\/?s={search_term_string}\"},\"query-input\":{\"@type\":\"PropertyValueSpecification\",\"valueRequired\":true,\"valueName\":\"search_term_string\"}}],\"inLanguage\":\"de\"},{\"@type\":\"Organization\",\"@id\":\"https:\\\/\\\/schoenherr-dresden.de\\\/#organization\",\"name\":\"Elektrowerkzeuge Sch\u00f6nherr\",\"url\":\"https:\\\/\\\/schoenherr-dresden.de\\\/\",\"logo\":{\"@type\":\"ImageObject\",\"inLanguage\":\"de\",\"@id\":\"https:\\\/\\\/schoenherr-dresden.de\\\/#\\\/schema\\\/logo\\\/image\\\/\",\"url\":\"https:\\\/\\\/schoenherr-dresden.de\\\/wp-content\\\/uploads\\\/2025\\\/10\\\/cropped-Logo_200_200.png\",\"contentUrl\":\"https:\\\/\\\/schoenherr-dresden.de\\\/wp-content\\\/uploads\\\/2025\\\/10\\\/cropped-Logo_200_200.png\",\"width\":512,\"height\":512,\"caption\":\"Elektrowerkzeuge Sch\u00f6nherr\"},\"image\":{\"@id\":\"https:\\\/\\\/schoenherr-dresden.de\\\/#\\\/schema\\\/logo\\\/image\\\/\"},\"sameAs\":[\"https:\\\/\\\/www.facebook.com\\\/Elektrowerkzeug\"]}]}<\/script>\n<!-- \/ Yoast SEO plugin. -->","yoast_head_json":{"title":"Elektrowerkzeuge Sch\u00f6nherr Dresden | Bosch Premium Partner & Stihl H\u00e4ndler","description":"Elektrowerkzeuge Sch\u00f6nherr in Dresden \u2013 Ihr Bosch Premium Partner & Stihl H\u00e4ndler. Verkauf, Beratung, Service und Ersatzteile f\u00fcr Profis & Heimwerker. Mo\u2013Fr 8\u201317 Uhr.","robots":{"index":"index","follow":"follow","max-snippet":"max-snippet:-1","max-image-preview":"max-image-preview:large","max-video-preview":"max-video-preview:-1"},"canonical":"https:\/\/schoenherr-dresden.de\/","og_locale":"de_DE","og_type":"article","og_title":"Elektrowerkzeuge Sch\u00f6nherr Dresden | Bosch Premium Partner & Stihl H\u00e4ndler","og_description":"Elektrowerkzeuge Sch\u00f6nherr in Dresden \u2013 Ihr Bosch Premium Partner & Stihl H\u00e4ndler. Verkauf, Beratung, Service und Ersatzteile f\u00fcr Profis & Heimwerker. Mo\u2013Fr 8\u201317 Uhr.","og_url":"https:\/\/schoenherr-dresden.de\/","og_site_name":"Elektrowerkzeuge Sch\u00f6nherr","article_publisher":"https:\/\/www.facebook.com\/Elektrowerkzeug","article_modified_time":"2026-01-08T13:00:40+00:00","twitter_card":"summary_large_image","twitter_misc":{"Gesch\u00e4tzte Lesezeit":"2\u00a0Minuten"},"schema":{"@context":"https:\/\/schema.org","@graph":[{"@type":"WebPage","@id":"https:\/\/schoenherr-dresden.de\/","url":"https:\/\/schoenherr-dresden.de\/","name":"Elektrowerkzeuge Sch\u00f6nherr Dresden | Bosch Premium Partner & Stihl H\u00e4ndler","isPartOf":{"@id":"https:\/\/schoenherr-dresden.de\/#website"},"datePublished":"2025-10-26T11:44:14+00:00","dateModified":"2026-01-08T13:00:40+00:00","description":"Elektrowerkzeuge Sch\u00f6nherr in Dresden \u2013 Ihr Bosch Premium Partner & Stihl H\u00e4ndler. Verkauf, Beratung, Service und Ersatzteile f\u00fcr Profis & Heimwerker. Mo\u2013Fr 8\u201317 Uhr.","breadcrumb":{"@id":"https:\/\/schoenherr-dresden.de\/#breadcrumb"},"inLanguage":"de","potentialAction":[{"@type":"ReadAction","target":["https:\/\/schoenherr-dresden.de\/"]}]},{"@type":"BreadcrumbList","@id":"https:\/\/schoenherr-dresden.de\/#breadcrumb","itemListElement":[{"@type":"ListItem","position":1,"name":"Startseite","item":"https:\/\/schoenherr-dresden.de\/"},{"@type":"ListItem","position":2,"name":"Home"}]},{"@type":"WebSite","@id":"https:\/\/schoenherr-dresden.de\/#website","url":"https:\/\/schoenherr-dresden.de\/","name":"Elektrowerkzeuge Sch\u00f6nherr","description":"","publisher":{"@id":"https:\/\/schoenherr-dresden.de\/#organization"},"potentialAction":[{"@type":"SearchAction","target":{"@type":"EntryPoint","urlTemplate":"https:\/\/schoenherr-dresden.de\/?s={search_term_string}"},"query-input":{"@type":"PropertyValueSpecification","valueRequired":true,"valueName":"search_term_string"}}],"inLanguage":"de"},{"@type":"Organization","@id":"https:\/\/schoenherr-dresden.de\/#organization","name":"Elektrowerkzeuge Sch\u00f6nherr","url":"https:\/\/schoenherr-dresden.de\/","logo":{"@type":"ImageObject","inLanguage":"de","@id":"https:\/\/schoenherr-dresden.de\/#\/schema\/logo\/image\/","url":"https:\/\/schoenherr-dresden.de\/wp-content\/uploads\/2025\/10\/cropped-Logo_200_200.png","contentUrl":"https:\/\/schoenherr-dresden.de\/wp-content\/uploads\/2025\/10\/cropped-Logo_200_200.png","width":512,"height":512,"caption":"Elektrowerkzeuge Sch\u00f6nherr"},"image":{"@id":"https:\/\/schoenherr-dresden.de\/#\/schema\/logo\/image\/"},"sameAs":["https:\/\/www.facebook.com\/Elektrowerkzeug"]}]}},"_links":{"self":[{"href":"https:\/\/schoenherr-dresden.de\/index.php?rest_route=\/wp\/v2\/pages\/18105","targetHints":{"allow":["GET"]}}],"collection":[{"href":"https:\/\/schoenherr-dresden.de\/index.php?rest_route=\/wp\/v2\/pages"}],"about":[{"href":"https:\/\/schoenherr-dresden.de\/index.php?rest_route=\/wp\/v2\/types\/page"}],"author":[{"embeddable":true,"href":"https:\/\/schoenherr-dresden.de\/index.php?rest_route=\/wp\/v2\/users\/1"}],"replies":[{"embeddable":true,"href":"https:\/\/schoenherr-dresden.de\/index.php?rest_route=%2Fwp%2Fv2%2Fcomments&post=18105"}],"version-history":[{"count":26,"href":"https:\/\/schoenherr-dresden.de\/index.php?rest_route=\/wp\/v2\/pages\/18105\/revisions"}],"predecessor-version":[{"id":288819,"href":"https:\/\/schoenherr-dresden.de\/index.php?rest_route=\/wp\/v2\/pages\/18105\/revisions\/288819"}],"wp:attachment":[{"href":"https:\/\/schoenherr-dresden.de\/index.php?rest_route=%2Fwp%2Fv2%2Fmedia&parent=18105"}],"curies":[{"name":"wp","href":"https:\/\/api.w.org\/{rel}","templated":true}]}}