{"id":288489,"date":"2025-10-27T08:41:27","date_gmt":"2025-10-27T08:41:27","guid":{"rendered":"https:\/\/schoenherr-dresden.de\/?page_id=288489"},"modified":"2026-04-14T06:41:17","modified_gmt":"2026-04-14T06:41:17","slug":"kontakt","status":"publish","type":"page","link":"https:\/\/schoenherr-dresden.de\/?page_id=288489","title":{"rendered":"Kontakt"},"content":{"rendered":"<p>[et_pb_section fb_built=&#8220;1&#8243; _builder_version=&#8220;4.27.4&#8243; _module_preset=&#8220;default&#8220; global_colors_info=&#8220;{}&#8220;][et_pb_row _builder_version=&#8220;4.27.4&#8243; _module_preset=&#8220;default&#8220; global_colors_info=&#8220;{}&#8220;][et_pb_column type=&#8220;4_4&#8243; _builder_version=&#8220;4.27.4&#8243; _module_preset=&#8220;default&#8220; global_colors_info=&#8220;{}&#8220;][et_pb_text _builder_version=&#8220;4.27.4&#8243; _module_preset=&#8220;default&#8220; text_font=&#8220;Droid Serif Italic|500|||||||&#8220; header_font=&#8220;&#8211;et_global_heading_font||||||||&#8220; header_text_color=&#8220;#000000&#8243; global_colors_info=&#8220;{}&#8220;]<\/p>\n<h1 style=\"text-align: center;\">Kontaktieren Sie uns<\/h1>\n<p>[\/et_pb_text][\/et_pb_column][\/et_pb_row][et_pb_row column_structure=&#8220;1_2,1_2&#8243; _builder_version=&#8220;4.27.4&#8243; _module_preset=&#8220;default&#8220; global_colors_info=&#8220;{}&#8220;][et_pb_column type=&#8220;1_2&#8243; _builder_version=&#8220;4.27.4&#8243; _module_preset=&#8220;default&#8220; global_colors_info=&#8220;{}&#8220;][et_pb_text _builder_version=&#8220;4.27.6&#8243; _module_preset=&#8220;default&#8220; custom_margin=&#8220;|30px||30px|false|true&#8220; hover_enabled=&#8220;0&#8243; global_colors_info=&#8220;{}&#8220; sticky_enabled=&#8220;0&#8243;]<\/p>\n<p>Gerne sind wir auch telefonisch f\u00fcr Sie da. Sie erreichen uns w\u00e4hrend unserer Gesch\u00e4ftszeiten unter der Telefonnummer:<\/p>\n<p><a href=\"Tel:03514723270\">0351 4723270<\/a><\/p>\n<p>[\/et_pb_text][\/et_pb_column][et_pb_column type=&#8220;1_2&#8243; _builder_version=&#8220;4.27.4&#8243; _module_preset=&#8220;default&#8220; global_colors_info=&#8220;{}&#8220;][et_pb_contact_form captcha=&#8220;off&#8220; email=&#8220;info@ewsdd.de&#8220; _builder_version=&#8220;4.27.5&#8243; _module_preset=&#8220;default&#8220; _unique_id=&#8220;0713cceb-e6e3-4d35-b432-d1136540cc41&#8243; custom_button=&#8220;on&#8220; button_text_size=&#8220;22px&#8220; button_text_color=&#8220;#FFFFFF&#8220; button_bg_color=&#8220;#407235&#8243; button_border_radius=&#8220;15px&#8220; button_font=&#8220;&#8211;et_global_body_font|||on|||||&#8220; button_icon=&#8220;&#x24;||divi||400&#8243; button_icon_color=&#8220;#FFFFFF&#8220; global_colors_info=&#8220;{}&#8220;][et_pb_contact_field field_id=&#8220;Name&#8220; field_title=&#8220;Dein Name (Pflichtfeld)&#8220; fullwidth_field=&#8220;on&#8220; _builder_version=&#8220;4.27.4&#8243; global_colors_info=&#8220;{}&#8220; button_text_size__hover_enabled=&#8220;off&#8220; button_one_text_size__hover_enabled=&#8220;off&#8220; button_two_text_size__hover_enabled=&#8220;off&#8220; button_text_color__hover_enabled=&#8220;off&#8220; button_one_text_color__hover_enabled=&#8220;off&#8220; button_two_text_color__hover_enabled=&#8220;off&#8220; button_border_width__hover_enabled=&#8220;off&#8220; button_one_border_width__hover_enabled=&#8220;off&#8220; button_two_border_width__hover_enabled=&#8220;off&#8220; button_border_color__hover_enabled=&#8220;off&#8220; button_one_border_color__hover_enabled=&#8220;off&#8220; button_two_border_color__hover_enabled=&#8220;off&#8220; button_border_radius__hover_enabled=&#8220;off&#8220; button_one_border_radius__hover_enabled=&#8220;off&#8220; button_two_border_radius__hover_enabled=&#8220;off&#8220; button_letter_spacing__hover_enabled=&#8220;off&#8220; button_one_letter_spacing__hover_enabled=&#8220;off&#8220; button_two_letter_spacing__hover_enabled=&#8220;off&#8220; button_bg_color__hover_enabled=&#8220;off&#8220; button_one_bg_color__hover_enabled=&#8220;off&#8220; button_two_bg_color__hover_enabled=&#8220;off&#8220;][\/et_pb_contact_field][et_pb_contact_field field_id=&#8220;Email&#8220; field_title=&#8220;Deine E-Mail-Adresse (Pflichtfeld)&#8220; field_type=&#8220;email&#8220; fullwidth_field=&#8220;on&#8220; _builder_version=&#8220;4.27.4&#8243; global_colors_info=&#8220;{}&#8220; button_text_size__hover_enabled=&#8220;off&#8220; button_one_text_size__hover_enabled=&#8220;off&#8220; button_two_text_size__hover_enabled=&#8220;off&#8220; button_text_color__hover_enabled=&#8220;off&#8220; button_one_text_color__hover_enabled=&#8220;off&#8220; button_two_text_color__hover_enabled=&#8220;off&#8220; button_border_width__hover_enabled=&#8220;off&#8220; button_one_border_width__hover_enabled=&#8220;off&#8220; button_two_border_width__hover_enabled=&#8220;off&#8220; button_border_color__hover_enabled=&#8220;off&#8220; button_one_border_color__hover_enabled=&#8220;off&#8220; button_two_border_color__hover_enabled=&#8220;off&#8220; button_border_radius__hover_enabled=&#8220;off&#8220; button_one_border_radius__hover_enabled=&#8220;off&#8220; button_two_border_radius__hover_enabled=&#8220;off&#8220; button_letter_spacing__hover_enabled=&#8220;off&#8220; button_one_letter_spacing__hover_enabled=&#8220;off&#8220; button_two_letter_spacing__hover_enabled=&#8220;off&#8220; button_bg_color__hover_enabled=&#8220;off&#8220; button_one_bg_color__hover_enabled=&#8220;off&#8220; button_two_bg_color__hover_enabled=&#8220;off&#8220;][\/et_pb_contact_field][et_pb_contact_field field_id=&#8220;Telefon&#8220; field_title=&#8220;Deine Telefonnummer (Pflichtfeld)&#8220; fullwidth_field=&#8220;on&#8220; _builder_version=&#8220;4.27.4&#8243; _module_preset=&#8220;default&#8220; global_colors_info=&#8220;{}&#8220;][\/et_pb_contact_field][et_pb_contact_field field_id=&#8220;Message&#8220; field_title=&#8220;Nachricht&#8220; field_type=&#8220;text&#8220; fullwidth_field=&#8220;on&#8220; _builder_version=&#8220;4.16&#8243; global_colors_info=&#8220;{}&#8220; button_text_size__hover_enabled=&#8220;off&#8220; button_one_text_size__hover_enabled=&#8220;off&#8220; button_two_text_size__hover_enabled=&#8220;off&#8220; button_text_color__hover_enabled=&#8220;off&#8220; button_one_text_color__hover_enabled=&#8220;off&#8220; button_two_text_color__hover_enabled=&#8220;off&#8220; button_border_width__hover_enabled=&#8220;off&#8220; button_one_border_width__hover_enabled=&#8220;off&#8220; button_two_border_width__hover_enabled=&#8220;off&#8220; button_border_color__hover_enabled=&#8220;off&#8220; button_one_border_color__hover_enabled=&#8220;off&#8220; button_two_border_color__hover_enabled=&#8220;off&#8220; button_border_radius__hover_enabled=&#8220;off&#8220; button_one_border_radius__hover_enabled=&#8220;off&#8220; button_two_border_radius__hover_enabled=&#8220;off&#8220; button_letter_spacing__hover_enabled=&#8220;off&#8220; button_one_letter_spacing__hover_enabled=&#8220;off&#8220; button_two_letter_spacing__hover_enabled=&#8220;off&#8220; button_bg_color__hover_enabled=&#8220;off&#8220; button_one_bg_color__hover_enabled=&#8220;off&#8220; button_two_bg_color__hover_enabled=&#8220;off&#8220;][\/et_pb_contact_field][\/et_pb_contact_form][\/et_pb_column][\/et_pb_row][\/et_pb_section]<\/p>\n","protected":false},"excerpt":{"rendered":"<p>Kontaktieren Sie unsGerne sind wir auch telefonisch f\u00fcr Sie da. Sie erreichen uns w\u00e4hrend unserer Gesch\u00e4ftszeiten unter der Telefonnummer: 0351 4723270<\/p>\n","protected":false},"author":1,"featured_media":0,"parent":0,"menu_order":0,"comment_status":"closed","ping_status":"closed","template":"","meta":{"_et_pb_use_builder":"on","_et_pb_old_content":"","_et_gb_content_width":"","footnotes":""},"class_list":["post-288489","page","type-page","status-publish","hentry"],"yoast_head":"<!-- This site is optimized with the Yoast SEO plugin v27.4 - https:\/\/yoast.com\/product\/yoast-seo-wordpress\/ -->\n<title>Kontakt - Elektrowerkzeuge Sch\u00f6nherr<\/title>\n<meta name=\"robots\" content=\"index, follow, max-snippet:-1, max-image-preview:large, max-video-preview:-1\" \/>\n<link rel=\"canonical\" href=\"https:\/\/schoenherr-dresden.de\/?page_id=288489\" \/>\n<meta property=\"og:locale\" content=\"de_DE\" \/>\n<meta property=\"og:type\" content=\"article\" \/>\n<meta property=\"og:title\" content=\"Kontakt - Elektrowerkzeuge Sch\u00f6nherr\" \/>\n<meta property=\"og:description\" content=\"Kontaktieren Sie unsGerne sind wir auch telefonisch f\u00fcr Sie da. Sie erreichen uns w\u00e4hrend unserer Gesch\u00e4ftszeiten unter der Telefonnummer: 0351 4723270\" \/>\n<meta property=\"og:url\" content=\"https:\/\/schoenherr-dresden.de\/?page_id=288489\" \/>\n<meta property=\"og:site_name\" content=\"Elektrowerkzeuge Sch\u00f6nherr\" \/>\n<meta property=\"article:publisher\" content=\"https:\/\/www.facebook.com\/Elektrowerkzeug\" \/>\n<meta property=\"article:modified_time\" content=\"2026-04-14T06:41:17+00:00\" \/>\n<meta name=\"twitter:card\" content=\"summary_large_image\" \/>\n<meta name=\"twitter:label1\" content=\"Gesch\u00e4tzte Lesezeit\" \/>\n\t<meta name=\"twitter:data1\" content=\"4\u00a0Minuten\" \/>\n<script type=\"application\/ld+json\" class=\"yoast-schema-graph\">{\"@context\":\"https:\\\/\\\/schema.org\",\"@graph\":[{\"@type\":\"WebPage\",\"@id\":\"https:\\\/\\\/schoenherr-dresden.de\\\/?page_id=288489\",\"url\":\"https:\\\/\\\/schoenherr-dresden.de\\\/?page_id=288489\",\"name\":\"Kontakt - Elektrowerkzeuge Sch\u00f6nherr\",\"isPartOf\":{\"@id\":\"https:\\\/\\\/schoenherr-dresden.de\\\/#website\"},\"datePublished\":\"2025-10-27T08:41:27+00:00\",\"dateModified\":\"2026-04-14T06:41:17+00:00\",\"breadcrumb\":{\"@id\":\"https:\\\/\\\/schoenherr-dresden.de\\\/?page_id=288489#breadcrumb\"},\"inLanguage\":\"de\",\"potentialAction\":[{\"@type\":\"ReadAction\",\"target\":[\"https:\\\/\\\/schoenherr-dresden.de\\\/?page_id=288489\"]}]},{\"@type\":\"BreadcrumbList\",\"@id\":\"https:\\\/\\\/schoenherr-dresden.de\\\/?page_id=288489#breadcrumb\",\"itemListElement\":[{\"@type\":\"ListItem\",\"position\":1,\"name\":\"Startseite\",\"item\":\"https:\\\/\\\/schoenherr-dresden.de\\\/\"},{\"@type\":\"ListItem\",\"position\":2,\"name\":\"Kontakt\"}]},{\"@type\":\"WebSite\",\"@id\":\"https:\\\/\\\/schoenherr-dresden.de\\\/#website\",\"url\":\"https:\\\/\\\/schoenherr-dresden.de\\\/\",\"name\":\"Elektrowerkzeuge Sch\u00f6nherr\",\"description\":\"\",\"publisher\":{\"@id\":\"https:\\\/\\\/schoenherr-dresden.de\\\/#organization\"},\"potentialAction\":[{\"@type\":\"SearchAction\",\"target\":{\"@type\":\"EntryPoint\",\"urlTemplate\":\"https:\\\/\\\/schoenherr-dresden.de\\\/?s={search_term_string}\"},\"query-input\":{\"@type\":\"PropertyValueSpecification\",\"valueRequired\":true,\"valueName\":\"search_term_string\"}}],\"inLanguage\":\"de\"},{\"@type\":\"Organization\",\"@id\":\"https:\\\/\\\/schoenherr-dresden.de\\\/#organization\",\"name\":\"Elektrowerkzeuge Sch\u00f6nherr\",\"url\":\"https:\\\/\\\/schoenherr-dresden.de\\\/\",\"logo\":{\"@type\":\"ImageObject\",\"inLanguage\":\"de\",\"@id\":\"https:\\\/\\\/schoenherr-dresden.de\\\/#\\\/schema\\\/logo\\\/image\\\/\",\"url\":\"https:\\\/\\\/schoenherr-dresden.de\\\/wp-content\\\/uploads\\\/2025\\\/10\\\/cropped-Logo_200_200.png\",\"contentUrl\":\"https:\\\/\\\/schoenherr-dresden.de\\\/wp-content\\\/uploads\\\/2025\\\/10\\\/cropped-Logo_200_200.png\",\"width\":512,\"height\":512,\"caption\":\"Elektrowerkzeuge Sch\u00f6nherr\"},\"image\":{\"@id\":\"https:\\\/\\\/schoenherr-dresden.de\\\/#\\\/schema\\\/logo\\\/image\\\/\"},\"sameAs\":[\"https:\\\/\\\/www.facebook.com\\\/Elektrowerkzeug\"]}]}<\/script>\n<!-- \/ Yoast SEO plugin. -->","yoast_head_json":{"title":"Kontakt - Elektrowerkzeuge Sch\u00f6nherr","robots":{"index":"index","follow":"follow","max-snippet":"max-snippet:-1","max-image-preview":"max-image-preview:large","max-video-preview":"max-video-preview:-1"},"canonical":"https:\/\/schoenherr-dresden.de\/?page_id=288489","og_locale":"de_DE","og_type":"article","og_title":"Kontakt - Elektrowerkzeuge Sch\u00f6nherr","og_description":"Kontaktieren Sie unsGerne sind wir auch telefonisch f\u00fcr Sie da. Sie erreichen uns w\u00e4hrend unserer Gesch\u00e4ftszeiten unter der Telefonnummer: 0351 4723270","og_url":"https:\/\/schoenherr-dresden.de\/?page_id=288489","og_site_name":"Elektrowerkzeuge Sch\u00f6nherr","article_publisher":"https:\/\/www.facebook.com\/Elektrowerkzeug","article_modified_time":"2026-04-14T06:41:17+00:00","twitter_card":"summary_large_image","twitter_misc":{"Gesch\u00e4tzte Lesezeit":"4\u00a0Minuten"},"schema":{"@context":"https:\/\/schema.org","@graph":[{"@type":"WebPage","@id":"https:\/\/schoenherr-dresden.de\/?page_id=288489","url":"https:\/\/schoenherr-dresden.de\/?page_id=288489","name":"Kontakt - Elektrowerkzeuge Sch\u00f6nherr","isPartOf":{"@id":"https:\/\/schoenherr-dresden.de\/#website"},"datePublished":"2025-10-27T08:41:27+00:00","dateModified":"2026-04-14T06:41:17+00:00","breadcrumb":{"@id":"https:\/\/schoenherr-dresden.de\/?page_id=288489#breadcrumb"},"inLanguage":"de","potentialAction":[{"@type":"ReadAction","target":["https:\/\/schoenherr-dresden.de\/?page_id=288489"]}]},{"@type":"BreadcrumbList","@id":"https:\/\/schoenherr-dresden.de\/?page_id=288489#breadcrumb","itemListElement":[{"@type":"ListItem","position":1,"name":"Startseite","item":"https:\/\/schoenherr-dresden.de\/"},{"@type":"ListItem","position":2,"name":"Kontakt"}]},{"@type":"WebSite","@id":"https:\/\/schoenherr-dresden.de\/#website","url":"https:\/\/schoenherr-dresden.de\/","name":"Elektrowerkzeuge Sch\u00f6nherr","description":"","publisher":{"@id":"https:\/\/schoenherr-dresden.de\/#organization"},"potentialAction":[{"@type":"SearchAction","target":{"@type":"EntryPoint","urlTemplate":"https:\/\/schoenherr-dresden.de\/?s={search_term_string}"},"query-input":{"@type":"PropertyValueSpecification","valueRequired":true,"valueName":"search_term_string"}}],"inLanguage":"de"},{"@type":"Organization","@id":"https:\/\/schoenherr-dresden.de\/#organization","name":"Elektrowerkzeuge Sch\u00f6nherr","url":"https:\/\/schoenherr-dresden.de\/","logo":{"@type":"ImageObject","inLanguage":"de","@id":"https:\/\/schoenherr-dresden.de\/#\/schema\/logo\/image\/","url":"https:\/\/schoenherr-dresden.de\/wp-content\/uploads\/2025\/10\/cropped-Logo_200_200.png","contentUrl":"https:\/\/schoenherr-dresden.de\/wp-content\/uploads\/2025\/10\/cropped-Logo_200_200.png","width":512,"height":512,"caption":"Elektrowerkzeuge Sch\u00f6nherr"},"image":{"@id":"https:\/\/schoenherr-dresden.de\/#\/schema\/logo\/image\/"},"sameAs":["https:\/\/www.facebook.com\/Elektrowerkzeug"]}]}},"_links":{"self":[{"href":"https:\/\/schoenherr-dresden.de\/index.php?rest_route=\/wp\/v2\/pages\/288489","targetHints":{"allow":["GET"]}}],"collection":[{"href":"https:\/\/schoenherr-dresden.de\/index.php?rest_route=\/wp\/v2\/pages"}],"about":[{"href":"https:\/\/schoenherr-dresden.de\/index.php?rest_route=\/wp\/v2\/types\/page"}],"author":[{"embeddable":true,"href":"https:\/\/schoenherr-dresden.de\/index.php?rest_route=\/wp\/v2\/users\/1"}],"replies":[{"embeddable":true,"href":"https:\/\/schoenherr-dresden.de\/index.php?rest_route=%2Fwp%2Fv2%2Fcomments&post=288489"}],"version-history":[{"count":10,"href":"https:\/\/schoenherr-dresden.de\/index.php?rest_route=\/wp\/v2\/pages\/288489\/revisions"}],"predecessor-version":[{"id":288835,"href":"https:\/\/schoenherr-dresden.de\/index.php?rest_route=\/wp\/v2\/pages\/288489\/revisions\/288835"}],"wp:attachment":[{"href":"https:\/\/schoenherr-dresden.de\/index.php?rest_route=%2Fwp%2Fv2%2Fmedia&parent=288489"}],"curies":[{"name":"wp","href":"https:\/\/api.w.org\/{rel}","templated":true}]}}