{"id":288560,"date":"2025-10-27T13:00:08","date_gmt":"2025-10-27T13:00:08","guid":{"rendered":"https:\/\/schoenherr-dresden.de\/?page_id=288560"},"modified":"2025-12-10T13:27:10","modified_gmt":"2025-12-10T13:27:10","slug":"unsere-leistungen","status":"publish","type":"page","link":"https:\/\/schoenherr-dresden.de\/?page_id=288560","title":{"rendered":"Unsere Leistungen"},"content":{"rendered":"<p>[et_pb_section fb_built=&#8220;1&#8243; _builder_version=&#8220;4.27.4&#8243; _module_preset=&#8220;default&#8220; global_colors_info=&#8220;{}&#8220;][et_pb_row _builder_version=&#8220;4.27.4&#8243; _module_preset=&#8220;default&#8220; global_colors_info=&#8220;{}&#8220;][et_pb_column type=&#8220;4_4&#8243; _builder_version=&#8220;4.27.4&#8243; _module_preset=&#8220;default&#8220; global_colors_info=&#8220;{}&#8220;][et_pb_text _builder_version=&#8220;4.27.4&#8243; _module_preset=&#8220;default&#8220; text_font=&#8220;Droid Serif Italic|500|||||||&#8220; header_font=&#8220;&#8211;et_global_heading_font||||||||&#8220; header_text_color=&#8220;#000000&#8243; global_colors_info=&#8220;{}&#8220;]<\/p>\n<h1 style=\"text-align: center;\">Wir leben Werkzeuge \u2013 Unsere Leistungen<\/h1>\n<p>[\/et_pb_text][\/et_pb_column][\/et_pb_row][et_pb_row column_structure=&#8220;1_2,1_2&#8243; _builder_version=&#8220;4.27.4&#8243; _module_preset=&#8220;default&#8220; global_colors_info=&#8220;{}&#8220;][et_pb_column type=&#8220;1_2&#8243; _builder_version=&#8220;4.27.4&#8243; _module_preset=&#8220;default&#8220; global_colors_info=&#8220;{}&#8220;][et_pb_image src=&#8220;https:\/\/schoenherr-dresden.de\/wp-content\/uploads\/2025\/12\/Bosch_Premium_Partner.jpg&#8220; title_text=&#8220;Web&#8220; _builder_version=&#8220;4.27.4&#8243; _module_preset=&#8220;default&#8220; global_colors_info=&#8220;{}&#8220;][\/et_pb_image][et_pb_image src=&#8220;https:\/\/schoenherr-dresden.de\/wp-content\/uploads\/2025\/12\/festool_1920x1920_2.jpg&#8220; title_text=&#8220;festool_1920x1920_(2)&#8220; _builder_version=&#8220;4.27.4&#8243; _module_preset=&#8220;default&#8220; global_colors_info=&#8220;{}&#8220;][\/et_pb_image][\/et_pb_column][et_pb_column type=&#8220;1_2&#8243; _builder_version=&#8220;4.27.4&#8243; _module_preset=&#8220;default&#8220; global_colors_info=&#8220;{}&#8220;][et_pb_text _builder_version=&#8220;4.27.4&#8243; _module_preset=&#8220;default&#8220; text_font=&#8220;Droid Serif Italic|500|||||||&#8220; header_font=&#8220;&#8211;et_global_heading_font||||||||&#8220; header_text_color=&#8220;#000000&#8243; global_colors_info=&#8220;{}&#8220;]<\/p>\n<h1>Individuelle Verkaufsberatung<\/h1>\n<p>[\/et_pb_text][et_pb_text _builder_version=&#8220;4.27.5&#8243; _module_preset=&#8220;default&#8220; hover_enabled=&#8220;0&#8243; global_colors_info=&#8220;{}&#8220; sticky_enabled=&#8220;0&#8243;]<\/p>\n<p>Wir sind Probleml\u00f6ser!<br \/>BOSCH-Premium-Partner<br \/>FESTOOL-Systempartner<br \/>Fein-Multimaster-Partner<br \/>Eibenstock-Vertragspartner<br \/>Stihl Elektro- und Akku-Partner<br \/><a href=\"https:\/\/schoenherr-dresden.de\/?page_id=288565\">Reparaturservice\u00a0<\/a><br \/>Eigene Spezialwerkstatt<br \/><a href=\"https:\/\/schoenherr-dresden.de\/?page_id=288643\">Werkzeugvermietung<\/a><br \/>Umfangreicher Mietpark<br \/>Instandsetzung von Verbrauchsmitteln<br \/>S\u00e4geketten, S\u00e4gebl\u00e4tter, Bohrer, Mei\u00dfel<\/p>\n<p>[\/et_pb_text][\/et_pb_column][\/et_pb_row][\/et_pb_section]<\/p>\n","protected":false},"excerpt":{"rendered":"<p>Wir leben Werkzeuge \u2013 Unsere LeistungenIndividuelle VerkaufsberatungWir sind Probleml\u00f6ser!BOSCH-Premium-PartnerFESTOOL-SystempartnerFein-Multimaster-PartnerEibenstock-VertragspartnerStihl Elektro- und Akku-PartnerReparaturservice\u00a0Eigene SpezialwerkstattWerkzeugvermietungUmfangreicher MietparkInstandsetzung von VerbrauchsmittelnS\u00e4geketten, S\u00e4gebl\u00e4tter, Bohrer, Mei\u00dfel<\/p>\n","protected":false},"author":1,"featured_media":0,"parent":0,"menu_order":0,"comment_status":"closed","ping_status":"closed","template":"","meta":{"_et_pb_use_builder":"on","_et_pb_old_content":"","_et_gb_content_width":"","footnotes":""},"class_list":["post-288560","page","type-page","status-publish","hentry"],"yoast_head":"<!-- This site is optimized with the Yoast SEO plugin v27.4 - https:\/\/yoast.com\/product\/yoast-seo-wordpress\/ -->\n<title>Unsere Leistungen - Elektrowerkzeuge Sch\u00f6nherr<\/title>\n<meta name=\"robots\" content=\"index, follow, max-snippet:-1, max-image-preview:large, max-video-preview:-1\" \/>\n<link rel=\"canonical\" href=\"https:\/\/schoenherr-dresden.de\/?page_id=288560\" \/>\n<meta property=\"og:locale\" content=\"de_DE\" \/>\n<meta property=\"og:type\" content=\"article\" \/>\n<meta property=\"og:title\" content=\"Unsere Leistungen - Elektrowerkzeuge Sch\u00f6nherr\" \/>\n<meta property=\"og:description\" content=\"Wir leben Werkzeuge \u2013 Unsere LeistungenIndividuelle VerkaufsberatungWir sind Probleml\u00f6ser!BOSCH-Premium-PartnerFESTOOL-SystempartnerFein-Multimaster-PartnerEibenstock-VertragspartnerStihl Elektro- und Akku-PartnerReparaturservice\u00a0Eigene SpezialwerkstattWerkzeugvermietungUmfangreicher MietparkInstandsetzung von VerbrauchsmittelnS\u00e4geketten, S\u00e4gebl\u00e4tter, Bohrer, Mei\u00dfel\" \/>\n<meta property=\"og:url\" content=\"https:\/\/schoenherr-dresden.de\/?page_id=288560\" \/>\n<meta property=\"og:site_name\" content=\"Elektrowerkzeuge Sch\u00f6nherr\" \/>\n<meta property=\"article:publisher\" content=\"https:\/\/www.facebook.com\/Elektrowerkzeug\" \/>\n<meta property=\"article:modified_time\" content=\"2025-12-10T13:27:10+00:00\" \/>\n<meta name=\"twitter:card\" content=\"summary_large_image\" \/>\n<script type=\"application\/ld+json\" class=\"yoast-schema-graph\">{\"@context\":\"https:\\\/\\\/schema.org\",\"@graph\":[{\"@type\":\"WebPage\",\"@id\":\"https:\\\/\\\/schoenherr-dresden.de\\\/?page_id=288560\",\"url\":\"https:\\\/\\\/schoenherr-dresden.de\\\/?page_id=288560\",\"name\":\"Unsere Leistungen - Elektrowerkzeuge Sch\u00f6nherr\",\"isPartOf\":{\"@id\":\"https:\\\/\\\/schoenherr-dresden.de\\\/#website\"},\"datePublished\":\"2025-10-27T13:00:08+00:00\",\"dateModified\":\"2025-12-10T13:27:10+00:00\",\"breadcrumb\":{\"@id\":\"https:\\\/\\\/schoenherr-dresden.de\\\/?page_id=288560#breadcrumb\"},\"inLanguage\":\"de\",\"potentialAction\":[{\"@type\":\"ReadAction\",\"target\":[\"https:\\\/\\\/schoenherr-dresden.de\\\/?page_id=288560\"]}]},{\"@type\":\"BreadcrumbList\",\"@id\":\"https:\\\/\\\/schoenherr-dresden.de\\\/?page_id=288560#breadcrumb\",\"itemListElement\":[{\"@type\":\"ListItem\",\"position\":1,\"name\":\"Startseite\",\"item\":\"https:\\\/\\\/schoenherr-dresden.de\\\/\"},{\"@type\":\"ListItem\",\"position\":2,\"name\":\"Unsere Leistungen\"}]},{\"@type\":\"WebSite\",\"@id\":\"https:\\\/\\\/schoenherr-dresden.de\\\/#website\",\"url\":\"https:\\\/\\\/schoenherr-dresden.de\\\/\",\"name\":\"Elektrowerkzeuge Sch\u00f6nherr\",\"description\":\"\",\"publisher\":{\"@id\":\"https:\\\/\\\/schoenherr-dresden.de\\\/#organization\"},\"potentialAction\":[{\"@type\":\"SearchAction\",\"target\":{\"@type\":\"EntryPoint\",\"urlTemplate\":\"https:\\\/\\\/schoenherr-dresden.de\\\/?s={search_term_string}\"},\"query-input\":{\"@type\":\"PropertyValueSpecification\",\"valueRequired\":true,\"valueName\":\"search_term_string\"}}],\"inLanguage\":\"de\"},{\"@type\":\"Organization\",\"@id\":\"https:\\\/\\\/schoenherr-dresden.de\\\/#organization\",\"name\":\"Elektrowerkzeuge Sch\u00f6nherr\",\"url\":\"https:\\\/\\\/schoenherr-dresden.de\\\/\",\"logo\":{\"@type\":\"ImageObject\",\"inLanguage\":\"de\",\"@id\":\"https:\\\/\\\/schoenherr-dresden.de\\\/#\\\/schema\\\/logo\\\/image\\\/\",\"url\":\"https:\\\/\\\/schoenherr-dresden.de\\\/wp-content\\\/uploads\\\/2025\\\/10\\\/cropped-Logo_200_200.png\",\"contentUrl\":\"https:\\\/\\\/schoenherr-dresden.de\\\/wp-content\\\/uploads\\\/2025\\\/10\\\/cropped-Logo_200_200.png\",\"width\":512,\"height\":512,\"caption\":\"Elektrowerkzeuge Sch\u00f6nherr\"},\"image\":{\"@id\":\"https:\\\/\\\/schoenherr-dresden.de\\\/#\\\/schema\\\/logo\\\/image\\\/\"},\"sameAs\":[\"https:\\\/\\\/www.facebook.com\\\/Elektrowerkzeug\"]}]}<\/script>\n<!-- \/ Yoast SEO plugin. -->","yoast_head_json":{"title":"Unsere Leistungen - Elektrowerkzeuge Sch\u00f6nherr","robots":{"index":"index","follow":"follow","max-snippet":"max-snippet:-1","max-image-preview":"max-image-preview:large","max-video-preview":"max-video-preview:-1"},"canonical":"https:\/\/schoenherr-dresden.de\/?page_id=288560","og_locale":"de_DE","og_type":"article","og_title":"Unsere Leistungen - Elektrowerkzeuge Sch\u00f6nherr","og_description":"Wir leben Werkzeuge \u2013 Unsere LeistungenIndividuelle VerkaufsberatungWir sind Probleml\u00f6ser!BOSCH-Premium-PartnerFESTOOL-SystempartnerFein-Multimaster-PartnerEibenstock-VertragspartnerStihl Elektro- und Akku-PartnerReparaturservice\u00a0Eigene SpezialwerkstattWerkzeugvermietungUmfangreicher MietparkInstandsetzung von VerbrauchsmittelnS\u00e4geketten, S\u00e4gebl\u00e4tter, Bohrer, Mei\u00dfel","og_url":"https:\/\/schoenherr-dresden.de\/?page_id=288560","og_site_name":"Elektrowerkzeuge Sch\u00f6nherr","article_publisher":"https:\/\/www.facebook.com\/Elektrowerkzeug","article_modified_time":"2025-12-10T13:27:10+00:00","twitter_card":"summary_large_image","schema":{"@context":"https:\/\/schema.org","@graph":[{"@type":"WebPage","@id":"https:\/\/schoenherr-dresden.de\/?page_id=288560","url":"https:\/\/schoenherr-dresden.de\/?page_id=288560","name":"Unsere Leistungen - Elektrowerkzeuge Sch\u00f6nherr","isPartOf":{"@id":"https:\/\/schoenherr-dresden.de\/#website"},"datePublished":"2025-10-27T13:00:08+00:00","dateModified":"2025-12-10T13:27:10+00:00","breadcrumb":{"@id":"https:\/\/schoenherr-dresden.de\/?page_id=288560#breadcrumb"},"inLanguage":"de","potentialAction":[{"@type":"ReadAction","target":["https:\/\/schoenherr-dresden.de\/?page_id=288560"]}]},{"@type":"BreadcrumbList","@id":"https:\/\/schoenherr-dresden.de\/?page_id=288560#breadcrumb","itemListElement":[{"@type":"ListItem","position":1,"name":"Startseite","item":"https:\/\/schoenherr-dresden.de\/"},{"@type":"ListItem","position":2,"name":"Unsere Leistungen"}]},{"@type":"WebSite","@id":"https:\/\/schoenherr-dresden.de\/#website","url":"https:\/\/schoenherr-dresden.de\/","name":"Elektrowerkzeuge Sch\u00f6nherr","description":"","publisher":{"@id":"https:\/\/schoenherr-dresden.de\/#organization"},"potentialAction":[{"@type":"SearchAction","target":{"@type":"EntryPoint","urlTemplate":"https:\/\/schoenherr-dresden.de\/?s={search_term_string}"},"query-input":{"@type":"PropertyValueSpecification","valueRequired":true,"valueName":"search_term_string"}}],"inLanguage":"de"},{"@type":"Organization","@id":"https:\/\/schoenherr-dresden.de\/#organization","name":"Elektrowerkzeuge Sch\u00f6nherr","url":"https:\/\/schoenherr-dresden.de\/","logo":{"@type":"ImageObject","inLanguage":"de","@id":"https:\/\/schoenherr-dresden.de\/#\/schema\/logo\/image\/","url":"https:\/\/schoenherr-dresden.de\/wp-content\/uploads\/2025\/10\/cropped-Logo_200_200.png","contentUrl":"https:\/\/schoenherr-dresden.de\/wp-content\/uploads\/2025\/10\/cropped-Logo_200_200.png","width":512,"height":512,"caption":"Elektrowerkzeuge Sch\u00f6nherr"},"image":{"@id":"https:\/\/schoenherr-dresden.de\/#\/schema\/logo\/image\/"},"sameAs":["https:\/\/www.facebook.com\/Elektrowerkzeug"]}]}},"_links":{"self":[{"href":"https:\/\/schoenherr-dresden.de\/index.php?rest_route=\/wp\/v2\/pages\/288560","targetHints":{"allow":["GET"]}}],"collection":[{"href":"https:\/\/schoenherr-dresden.de\/index.php?rest_route=\/wp\/v2\/pages"}],"about":[{"href":"https:\/\/schoenherr-dresden.de\/index.php?rest_route=\/wp\/v2\/types\/page"}],"author":[{"embeddable":true,"href":"https:\/\/schoenherr-dresden.de\/index.php?rest_route=\/wp\/v2\/users\/1"}],"replies":[{"embeddable":true,"href":"https:\/\/schoenherr-dresden.de\/index.php?rest_route=%2Fwp%2Fv2%2Fcomments&post=288560"}],"version-history":[{"count":8,"href":"https:\/\/schoenherr-dresden.de\/index.php?rest_route=\/wp\/v2\/pages\/288560\/revisions"}],"predecessor-version":[{"id":288791,"href":"https:\/\/schoenherr-dresden.de\/index.php?rest_route=\/wp\/v2\/pages\/288560\/revisions\/288791"}],"wp:attachment":[{"href":"https:\/\/schoenherr-dresden.de\/index.php?rest_route=%2Fwp%2Fv2%2Fmedia&parent=288560"}],"curies":[{"name":"wp","href":"https:\/\/api.w.org\/{rel}","templated":true}]}}