{"id":288749,"date":"2025-12-05T07:47:30","date_gmt":"2025-12-05T07:47:30","guid":{"rendered":"https:\/\/schoenherr-dresden.de\/?page_id=288749"},"modified":"2025-12-05T07:47:30","modified_gmt":"2025-12-05T07:47:30","slug":"unser-team","status":"publish","type":"page","link":"https:\/\/schoenherr-dresden.de\/?page_id=288749","title":{"rendered":"Unser Team"},"content":{"rendered":"<p>[et_pb_section fb_built=&#8220;1&#8243; theme_builder_area=&#8220;post_content&#8220; _builder_version=&#8220;4.27.4&#8243; _module_preset=&#8220;default&#8220;][et_pb_row _builder_version=&#8220;4.27.4&#8243; _module_preset=&#8220;default&#8220; theme_builder_area=&#8220;post_content&#8220;][et_pb_column _builder_version=&#8220;4.27.4&#8243; _module_preset=&#8220;default&#8220; type=&#8220;4_4&#8243; theme_builder_area=&#8220;post_content&#8220;][et_pb_text _builder_version=&#8220;4.27.4&#8243; _module_preset=&#8220;default&#8220; text_font=&#8220;Droid Serif Italic|500|||||||&#8220; header_font=&#8220;&#8211;et_global_heading_font||||||||&#8220; header_text_color=&#8220;#000000&#8243; hover_enabled=&#8220;0&#8243; global_colors_info=&#8220;{}&#8220; theme_builder_area=&#8220;post_content&#8220; sticky_enabled=&#8220;0&#8243;]<\/p>\n<h1 style=\"text-align: center;\">Wir leben Werkzeuge<\/h1>\n<p>[\/et_pb_text][et_pb_text _builder_version=&#8220;4.27.4&#8243; _module_preset=&#8220;default&#8220; theme_builder_area=&#8220;post_content&#8220; text_font=&#8220;&#8211;et_global_heading_font||||||||&#8220; hover_enabled=&#8220;0&#8243; sticky_enabled=&#8220;0&#8243;]<\/p>\n<div style=\"text-align: center;\">Gestatten Sie, dass wir uns vorstellen: Wir sind ein mittelst\u00e4ndisches Unternehmen, das seit \u00fcber 80 Jahren in Dresden Elektrowerkzeuge und Maschinenzubeh\u00f6r vertreibt und repariert.\u00a0<\/div>\n<div style=\"text-align: center;\"><span> Wir hei\u00dfen Sie auf der T\u00fcbinger Str. 1 im Gewerbegebiet Cosch\u00fctz\/Gittersee sowohl als Firmen- als auch als Privatkunden stets herzlich willkommen.<\/span><\/div>\n<div style=\"text-align: center;\"><span> Wir \u00fcbernehmen f\u00fcr Sie die Reparatur sowie den Service und die Garantieabwicklung aller g\u00e4ngigen Markenfabrikate.<\/span><\/div>\n<div style=\"text-align: center;\"><span> Auch Schleifarbeiten von S\u00e4gebl\u00e4ttern und Ketten sowie die \u00dcberarbeitung von Mei\u00dfeln \u00fcbernehmen wir gern f\u00fcr Sie.<\/span><\/div>\n<div style=\"text-align: center;\"><span> Zu unserem Erfolgskonzept geh\u00f6ren eine Fachberatung durch st\u00e4ndig geschultes Personal genauso wie eine Betreuung vor Ort durch unsere Au\u00dfendienstmitarbeiter und professionelle Hilfestellung und Beratung bei der richtigen Werkzeugwahl.<\/span><\/div>\n<div style=\"text-align: center;\"><span> Lassen Sie sich von uns \u00fcberzeugen, sprechen Sie uns an und besuchen Sie uns in unserer gro\u00dfen und freundlichen Verkaufsausstellung.<\/span><\/div>\n<div style=\"text-align: center;\"><\/div>\n<div style=\"text-align: center;\"><span> Ab 1945<\/span><\/div>\n<div style=\"text-align: center;\"><span> Rudolf Sch\u00f6nherr er\u00f6ffnet eine elektromechanische Werkstatt im Dresdner S\u00fcden\u00a0<\/span><\/div>\n<div style=\"text-align: center;\"><span> Bis 1989<\/span><\/div>\n<div style=\"text-align: center;\"><span> Als mechanische Werkstatt, sp\u00e4ter zunehmend als Reparaturwerkstatt f\u00fcr elektrische Ger\u00e4te (Bohrmaschinen, Kleinkompressoren u.a.) gef\u00fchrt<\/span><\/div>\n<div style=\"text-align: center;\"><span> Seit 1990<\/span><\/div>\n<div style=\"text-align: center;\"><span> \u00dcbernahme durch Dipl.-Ing. Mario Graalmann. Umbau des Unternehmens zu einem leistungsf\u00e4higen und modernen Dienstleister f\u00fcr Handwerk, Bauwirtschaft, Industrie und Heimwerker<\/span><\/div>\n<div style=\"text-align: center;\"><span> In 2000<\/span><\/div>\n<div style=\"text-align: center;\"><span> Umzug auf die R\u00e4cknitzh\u00f6he 76 in Dresden<\/span><\/div>\n<div style=\"text-align: center;\"><span> In 2025<\/span><\/div>\n<div style=\"text-align: center;\"><span> Umzug auf die T\u00fcbinger Str. 1 im Gewerbegebiet Cosch\u00fctz\/Gittersee in Dresden<\/span><\/div>\n<p>[\/et_pb_text][\/et_pb_column][\/et_pb_row][\/et_pb_section]<\/p>\n","protected":false},"excerpt":{"rendered":"<p>Wir leben WerkzeugeGestatten Sie, dass wir uns vorstellen: Wir sind ein mittelst\u00e4ndisches Unternehmen, das seit \u00fcber 80 Jahren in Dresden Elektrowerkzeuge und Maschinenzubeh\u00f6r vertreibt und repariert.\u00a0 Wir hei\u00dfen Sie auf der T\u00fcbinger Str. 1 im Gewerbegebiet Cosch\u00fctz\/Gittersee sowohl als Firmen- als auch als Privatkunden stets herzlich willkommen. Wir \u00fcbernehmen f\u00fcr Sie die Reparatur sowie den [&hellip;]<\/p>\n","protected":false},"author":1,"featured_media":0,"parent":0,"menu_order":0,"comment_status":"closed","ping_status":"closed","template":"","meta":{"_et_pb_use_builder":"on","_et_pb_old_content":"","_et_gb_content_width":"","footnotes":""},"class_list":["post-288749","page","type-page","status-publish","hentry"],"yoast_head":"<!-- This site is optimized with the Yoast SEO plugin v27.4 - https:\/\/yoast.com\/product\/yoast-seo-wordpress\/ -->\n<title>Unser Team - Elektrowerkzeuge Sch\u00f6nherr<\/title>\n<meta name=\"robots\" content=\"index, follow, max-snippet:-1, max-image-preview:large, max-video-preview:-1\" \/>\n<link rel=\"canonical\" href=\"https:\/\/schoenherr-dresden.de\/?page_id=288749\" \/>\n<meta property=\"og:locale\" content=\"de_DE\" \/>\n<meta property=\"og:type\" content=\"article\" \/>\n<meta property=\"og:title\" content=\"Unser Team - Elektrowerkzeuge Sch\u00f6nherr\" \/>\n<meta property=\"og:description\" content=\"Wir leben WerkzeugeGestatten Sie, dass wir uns vorstellen: Wir sind ein mittelst\u00e4ndisches Unternehmen, das seit \u00fcber 80 Jahren in Dresden Elektrowerkzeuge und Maschinenzubeh\u00f6r vertreibt und repariert.\u00a0 Wir hei\u00dfen Sie auf der T\u00fcbinger Str. 1 im Gewerbegebiet Cosch\u00fctz\/Gittersee sowohl als Firmen- als auch als Privatkunden stets herzlich willkommen. Wir \u00fcbernehmen f\u00fcr Sie die Reparatur sowie den [&hellip;]\" \/>\n<meta property=\"og:url\" content=\"https:\/\/schoenherr-dresden.de\/?page_id=288749\" \/>\n<meta property=\"og:site_name\" content=\"Elektrowerkzeuge Sch\u00f6nherr\" \/>\n<meta property=\"article:publisher\" content=\"https:\/\/www.facebook.com\/Elektrowerkzeug\" \/>\n<meta name=\"twitter:card\" content=\"summary_large_image\" \/>\n<script type=\"application\/ld+json\" class=\"yoast-schema-graph\">{\"@context\":\"https:\\\/\\\/schema.org\",\"@graph\":[{\"@type\":\"WebPage\",\"@id\":\"https:\\\/\\\/schoenherr-dresden.de\\\/?page_id=288749\",\"url\":\"https:\\\/\\\/schoenherr-dresden.de\\\/?page_id=288749\",\"name\":\"Unser Team - Elektrowerkzeuge Sch\u00f6nherr\",\"isPartOf\":{\"@id\":\"https:\\\/\\\/schoenherr-dresden.de\\\/#website\"},\"datePublished\":\"2025-12-05T07:47:30+00:00\",\"breadcrumb\":{\"@id\":\"https:\\\/\\\/schoenherr-dresden.de\\\/?page_id=288749#breadcrumb\"},\"inLanguage\":\"de\",\"potentialAction\":[{\"@type\":\"ReadAction\",\"target\":[\"https:\\\/\\\/schoenherr-dresden.de\\\/?page_id=288749\"]}]},{\"@type\":\"BreadcrumbList\",\"@id\":\"https:\\\/\\\/schoenherr-dresden.de\\\/?page_id=288749#breadcrumb\",\"itemListElement\":[{\"@type\":\"ListItem\",\"position\":1,\"name\":\"Startseite\",\"item\":\"https:\\\/\\\/schoenherr-dresden.de\\\/\"},{\"@type\":\"ListItem\",\"position\":2,\"name\":\"Unser Team\"}]},{\"@type\":\"WebSite\",\"@id\":\"https:\\\/\\\/schoenherr-dresden.de\\\/#website\",\"url\":\"https:\\\/\\\/schoenherr-dresden.de\\\/\",\"name\":\"Elektrowerkzeuge Sch\u00f6nherr\",\"description\":\"\",\"publisher\":{\"@id\":\"https:\\\/\\\/schoenherr-dresden.de\\\/#organization\"},\"potentialAction\":[{\"@type\":\"SearchAction\",\"target\":{\"@type\":\"EntryPoint\",\"urlTemplate\":\"https:\\\/\\\/schoenherr-dresden.de\\\/?s={search_term_string}\"},\"query-input\":{\"@type\":\"PropertyValueSpecification\",\"valueRequired\":true,\"valueName\":\"search_term_string\"}}],\"inLanguage\":\"de\"},{\"@type\":\"Organization\",\"@id\":\"https:\\\/\\\/schoenherr-dresden.de\\\/#organization\",\"name\":\"Elektrowerkzeuge Sch\u00f6nherr\",\"url\":\"https:\\\/\\\/schoenherr-dresden.de\\\/\",\"logo\":{\"@type\":\"ImageObject\",\"inLanguage\":\"de\",\"@id\":\"https:\\\/\\\/schoenherr-dresden.de\\\/#\\\/schema\\\/logo\\\/image\\\/\",\"url\":\"https:\\\/\\\/schoenherr-dresden.de\\\/wp-content\\\/uploads\\\/2025\\\/10\\\/cropped-Logo_200_200.png\",\"contentUrl\":\"https:\\\/\\\/schoenherr-dresden.de\\\/wp-content\\\/uploads\\\/2025\\\/10\\\/cropped-Logo_200_200.png\",\"width\":512,\"height\":512,\"caption\":\"Elektrowerkzeuge Sch\u00f6nherr\"},\"image\":{\"@id\":\"https:\\\/\\\/schoenherr-dresden.de\\\/#\\\/schema\\\/logo\\\/image\\\/\"},\"sameAs\":[\"https:\\\/\\\/www.facebook.com\\\/Elektrowerkzeug\"]}]}<\/script>\n<!-- \/ Yoast SEO plugin. -->","yoast_head_json":{"title":"Unser Team - Elektrowerkzeuge Sch\u00f6nherr","robots":{"index":"index","follow":"follow","max-snippet":"max-snippet:-1","max-image-preview":"max-image-preview:large","max-video-preview":"max-video-preview:-1"},"canonical":"https:\/\/schoenherr-dresden.de\/?page_id=288749","og_locale":"de_DE","og_type":"article","og_title":"Unser Team - Elektrowerkzeuge Sch\u00f6nherr","og_description":"Wir leben WerkzeugeGestatten Sie, dass wir uns vorstellen: Wir sind ein mittelst\u00e4ndisches Unternehmen, das seit \u00fcber 80 Jahren in Dresden Elektrowerkzeuge und Maschinenzubeh\u00f6r vertreibt und repariert.\u00a0 Wir hei\u00dfen Sie auf der T\u00fcbinger Str. 1 im Gewerbegebiet Cosch\u00fctz\/Gittersee sowohl als Firmen- als auch als Privatkunden stets herzlich willkommen. Wir \u00fcbernehmen f\u00fcr Sie die Reparatur sowie den [&hellip;]","og_url":"https:\/\/schoenherr-dresden.de\/?page_id=288749","og_site_name":"Elektrowerkzeuge Sch\u00f6nherr","article_publisher":"https:\/\/www.facebook.com\/Elektrowerkzeug","twitter_card":"summary_large_image","schema":{"@context":"https:\/\/schema.org","@graph":[{"@type":"WebPage","@id":"https:\/\/schoenherr-dresden.de\/?page_id=288749","url":"https:\/\/schoenherr-dresden.de\/?page_id=288749","name":"Unser Team - Elektrowerkzeuge Sch\u00f6nherr","isPartOf":{"@id":"https:\/\/schoenherr-dresden.de\/#website"},"datePublished":"2025-12-05T07:47:30+00:00","breadcrumb":{"@id":"https:\/\/schoenherr-dresden.de\/?page_id=288749#breadcrumb"},"inLanguage":"de","potentialAction":[{"@type":"ReadAction","target":["https:\/\/schoenherr-dresden.de\/?page_id=288749"]}]},{"@type":"BreadcrumbList","@id":"https:\/\/schoenherr-dresden.de\/?page_id=288749#breadcrumb","itemListElement":[{"@type":"ListItem","position":1,"name":"Startseite","item":"https:\/\/schoenherr-dresden.de\/"},{"@type":"ListItem","position":2,"name":"Unser Team"}]},{"@type":"WebSite","@id":"https:\/\/schoenherr-dresden.de\/#website","url":"https:\/\/schoenherr-dresden.de\/","name":"Elektrowerkzeuge Sch\u00f6nherr","description":"","publisher":{"@id":"https:\/\/schoenherr-dresden.de\/#organization"},"potentialAction":[{"@type":"SearchAction","target":{"@type":"EntryPoint","urlTemplate":"https:\/\/schoenherr-dresden.de\/?s={search_term_string}"},"query-input":{"@type":"PropertyValueSpecification","valueRequired":true,"valueName":"search_term_string"}}],"inLanguage":"de"},{"@type":"Organization","@id":"https:\/\/schoenherr-dresden.de\/#organization","name":"Elektrowerkzeuge Sch\u00f6nherr","url":"https:\/\/schoenherr-dresden.de\/","logo":{"@type":"ImageObject","inLanguage":"de","@id":"https:\/\/schoenherr-dresden.de\/#\/schema\/logo\/image\/","url":"https:\/\/schoenherr-dresden.de\/wp-content\/uploads\/2025\/10\/cropped-Logo_200_200.png","contentUrl":"https:\/\/schoenherr-dresden.de\/wp-content\/uploads\/2025\/10\/cropped-Logo_200_200.png","width":512,"height":512,"caption":"Elektrowerkzeuge Sch\u00f6nherr"},"image":{"@id":"https:\/\/schoenherr-dresden.de\/#\/schema\/logo\/image\/"},"sameAs":["https:\/\/www.facebook.com\/Elektrowerkzeug"]}]}},"_links":{"self":[{"href":"https:\/\/schoenherr-dresden.de\/index.php?rest_route=\/wp\/v2\/pages\/288749","targetHints":{"allow":["GET"]}}],"collection":[{"href":"https:\/\/schoenherr-dresden.de\/index.php?rest_route=\/wp\/v2\/pages"}],"about":[{"href":"https:\/\/schoenherr-dresden.de\/index.php?rest_route=\/wp\/v2\/types\/page"}],"author":[{"embeddable":true,"href":"https:\/\/schoenherr-dresden.de\/index.php?rest_route=\/wp\/v2\/users\/1"}],"replies":[{"embeddable":true,"href":"https:\/\/schoenherr-dresden.de\/index.php?rest_route=%2Fwp%2Fv2%2Fcomments&post=288749"}],"version-history":[{"count":2,"href":"https:\/\/schoenherr-dresden.de\/index.php?rest_route=\/wp\/v2\/pages\/288749\/revisions"}],"predecessor-version":[{"id":288751,"href":"https:\/\/schoenherr-dresden.de\/index.php?rest_route=\/wp\/v2\/pages\/288749\/revisions\/288751"}],"wp:attachment":[{"href":"https:\/\/schoenherr-dresden.de\/index.php?rest_route=%2Fwp%2Fv2%2Fmedia&parent=288749"}],"curies":[{"name":"wp","href":"https:\/\/api.w.org\/{rel}","templated":true}]}}